{"id":181,"date":"2011-09-16T20:27:36","date_gmt":"2011-09-16T20:27:36","guid":{"rendered":"http:\/\/s382669245.onlinehome.fr\/?page_id=181"},"modified":"2022-09-28T14:16:16","modified_gmt":"2022-09-28T14:16:16","slug":"tarif-biographie","status":"publish","type":"page","link":"http:\/\/www.souvenirs-sonores.fr\/souvenirs-sonores\/biographie-sonore\/tarif-biographie\/","title":{"rendered":"Tarif"},"content":{"rendered":"<p><a class=\"imgbio\" href=\"http:\/\/www.souvenirs-sonores.fr\/souvenirs-sonores\/wp-content\/uploads\/2011\/09\/biographie-sonore.jpg\"><img loading=\"lazy\" decoding=\"async\" class=\"alignnone size-full wp-image-1179\" title=\"biographie-sonore\" src=\"http:\/\/www.souvenirs-sonores.fr\/souvenirs-sonores\/wp-content\/uploads\/2011\/09\/biographie-sonore.jpg\" alt=\"tarif\" width=\"642\" height=\"175\" srcset=\"http:\/\/www.souvenirs-sonores.fr\/souvenirs-sonores\/wp-content\/uploads\/2011\/09\/biographie-sonore.jpg 642w, http:\/\/www.souvenirs-sonores.fr\/souvenirs-sonores\/wp-content\/uploads\/2011\/09\/biographie-sonore-300x81.jpg 300w\" sizes=\"auto, (max-width: 642px) 100vw, 642px\" \/><\/a><\/p>\n<p><span class=\"titreorange\">\u2022 FORMULE 1 \u00c9TOILE : 380 euro TTC<\/span><br \/>\nInclus :<br \/>\n&#8211; L&rsquo;enregistrement de 3 heures (r\u00e9partie selon votre choix sur une ou deux s\u00e9ances)<br \/>\n&#8211; Le montage audio simple<br \/>\n&#8211; Le mixage et le mastering<br \/>\n&#8211; 1 cd audio avec un bo\u00eetier format long DVD et une jaquette personnalis\u00e9e<br \/>\n&#8211; Les fichiers audio au format mp3 ( pour les lecteurs num\u00e9riques)<br \/>\n&#8211; L&rsquo;envoie par courrier du cd un mois apr\u00e8s la date d&rsquo;enregistrement ( 7 euro par copie de cd suppl\u00e9mentaire)<br \/>\n&#8211; Frais postal inclus<\/p>\n<p><span class=\"titreorange\">\u2022 FORMULE 2 \u00c9TOILES : 480 euro TTC<\/span><br \/>\nInclus : formule 1 \u00e9toile + montage audio complet<\/p>\n<p><span class=\"titreorange\">\u2022 FORMULE 3 \u00c9TOILES : 590 euro TTC<\/span><br \/>\nInclus : formule 2 \u00e9toiles + habillage sonore<\/p>\n<p><strong>Pour toutes les formules ce prix ne comprend pas :<\/strong><\/p>\n<p style=\"text-align: left;\">\u2022 Les frais de d\u00e9placement si en dehors de LYON :<br \/>\n&#8211; vous r\u00e9sidez en dehors de lyon : 0.50 \u20ac TTC par kilom\u00e8tre suppl\u00e9mentaire \u00e0 partir de LYON.<br \/>\n&#8211; vous r\u00e9sidez dans un rayon de 10 km autour de ch\u00e2tillon d&rsquo;azergues : <span style=\"text-decoration: underline;\">aucun frais de d\u00e9placement<\/span>.<\/p>\n<p style=\"text-align: left;\">\u2022 les copies suppl\u00e9mentaires de CD avec jaquette :<br \/>\n7 \u20ac par cd suppl\u00e9mentaire (frais postal inclus)<\/p>\n<p><a class=\"lien1\" href=\"http:\/\/www.souvenirs-sonores.fr\/souvenirs-sonores\">Retour<\/a><\/p>\n<!-- Start Shareaholic Recommendations Automatic --><!-- End Shareaholic Recommendations Automatic -->","protected":false},"excerpt":{"rendered":"<p>\u2022 FORMULE 1 \u00c9TOILE : 380 euro TTC Inclus : &#8211; L&rsquo;enregistrement de 3 heures (r\u00e9partie selon votre choix sur une ou deux s\u00e9ances) &#8211; Le montage audio simple &#8211; Le mixage et le mastering &#8211; 1 cd audio avec un bo\u00eetier format long DVD et une jaquette personnalis\u00e9e &#8211; Les fichiers audio au format&hellip; <a class=\"more-link\" href=\"http:\/\/www.souvenirs-sonores.fr\/souvenirs-sonores\/biographie-sonore\/tarif-biographie\/\">Poursuivre la lecture <span class=\"screen-reader-text\">Tarif<\/span><\/a><\/p>\n","protected":false},"author":1,"featured_media":0,"parent":115,"menu_order":2,"comment_status":"closed","ping_status":"closed","template":"","meta":{"footnotes":""},"class_list":["post-181","page","type-page","status-publish","hentry","entry"],"_links":{"self":[{"href":"http:\/\/www.souvenirs-sonores.fr\/souvenirs-sonores\/wp-json\/wp\/v2\/pages\/181","targetHints":{"allow":["GET"]}}],"collection":[{"href":"http:\/\/www.souvenirs-sonores.fr\/souvenirs-sonores\/wp-json\/wp\/v2\/pages"}],"about":[{"href":"http:\/\/www.souvenirs-sonores.fr\/souvenirs-sonores\/wp-json\/wp\/v2\/types\/page"}],"author":[{"embeddable":true,"href":"http:\/\/www.souvenirs-sonores.fr\/souvenirs-sonores\/wp-json\/wp\/v2\/users\/1"}],"replies":[{"embeddable":true,"href":"http:\/\/www.souvenirs-sonores.fr\/souvenirs-sonores\/wp-json\/wp\/v2\/comments?post=181"}],"version-history":[{"count":117,"href":"http:\/\/www.souvenirs-sonores.fr\/souvenirs-sonores\/wp-json\/wp\/v2\/pages\/181\/revisions"}],"predecessor-version":[{"id":1886,"href":"http:\/\/www.souvenirs-sonores.fr\/souvenirs-sonores\/wp-json\/wp\/v2\/pages\/181\/revisions\/1886"}],"up":[{"embeddable":true,"href":"http:\/\/www.souvenirs-sonores.fr\/souvenirs-sonores\/wp-json\/wp\/v2\/pages\/115"}],"wp:attachment":[{"href":"http:\/\/www.souvenirs-sonores.fr\/souvenirs-sonores\/wp-json\/wp\/v2\/media?parent=181"}],"curies":[{"name":"wp","href":"https:\/\/api.w.org\/{rel}","templated":true}]}}