{"id":2,"date":"2011-09-14T14:40:26","date_gmt":"2011-09-14T14:40:26","guid":{"rendered":"http:\/\/s382669245.onlinehome.fr\/?page_id=2"},"modified":"2022-10-14T08:55:59","modified_gmt":"2022-10-14T08:55:59","slug":"temoignage-sonore","status":"publish","type":"page","link":"http:\/\/www.souvenirs-sonores.fr\/souvenirs-sonores\/temoignage-sonore\/","title":{"rendered":"T\u00e9moignage sonore"},"content":{"rendered":"<p><img loading=\"lazy\" decoding=\"async\" class=\"aligncenter wp-image-1897 size-full\" title=\"t\u00e9moignage-sonore\" src=\"http:\/\/www.souvenirs-sonores.fr\/souvenirs-sonores\/wp-content\/uploads\/2022\/10\/temoignage-sonore.jpg\" alt=\"image t\u00e9moignage sonore\" width=\"561\" height=\"192\" srcset=\"http:\/\/www.souvenirs-sonores.fr\/souvenirs-sonores\/wp-content\/uploads\/2022\/10\/temoignage-sonore.jpg 561w, http:\/\/www.souvenirs-sonores.fr\/souvenirs-sonores\/wp-content\/uploads\/2022\/10\/temoignage-sonore-300x103.jpg 300w\" sizes=\"auto, (max-width: 561px) 100vw, 561px\" \/><\/p>\n<p><strong>A l&rsquo;occasion :<\/strong><\/p>\n<p>\u2022 D&rsquo;un anniversaire<br \/>\n\u2022 De fian\u00e7ailles<br \/>\n\u2022 D&rsquo;un mariage<br \/>\n\u2022 D&rsquo;un d\u00e9part \u00e0 la retraite<\/p>\n<p>Vous souhaitez \u00e0 plusieurs rendre hommage \u00e0 une personne en lui <strong>offrant un CD<\/strong> avec vos t\u00e9moignages\u2026<\/p>\n<p><a class=\"lien1\" href=\"http:\/\/www.souvenirs-sonores.fr\/souvenirs-sonores\/souvenir-sonore\/comment-ca-se-passe-temoignage\">Comment \u00e7a se passe ?<\/a><\/p>\n<!-- Start Shareaholic Recommendations Automatic --><!-- End Shareaholic Recommendations Automatic -->","protected":false},"excerpt":{"rendered":"<p>A l&rsquo;occasion : \u2022 D&rsquo;un anniversaire \u2022 De fian\u00e7ailles \u2022 D&rsquo;un mariage \u2022 D&rsquo;un d\u00e9part \u00e0 la retraite Vous souhaitez \u00e0 plusieurs rendre hommage \u00e0 une personne en lui offrant un CD avec vos t\u00e9moignages\u2026 Comment \u00e7a se passe ?<\/p>\n","protected":false},"author":1,"featured_media":0,"parent":0,"menu_order":2,"comment_status":"closed","ping_status":"closed","template":"","meta":{"footnotes":""},"class_list":["post-2","page","type-page","status-publish","hentry","entry"],"_links":{"self":[{"href":"http:\/\/www.souvenirs-sonores.fr\/souvenirs-sonores\/wp-json\/wp\/v2\/pages\/2","targetHints":{"allow":["GET"]}}],"collection":[{"href":"http:\/\/www.souvenirs-sonores.fr\/souvenirs-sonores\/wp-json\/wp\/v2\/pages"}],"about":[{"href":"http:\/\/www.souvenirs-sonores.fr\/souvenirs-sonores\/wp-json\/wp\/v2\/types\/page"}],"author":[{"embeddable":true,"href":"http:\/\/www.souvenirs-sonores.fr\/souvenirs-sonores\/wp-json\/wp\/v2\/users\/1"}],"replies":[{"embeddable":true,"href":"http:\/\/www.souvenirs-sonores.fr\/souvenirs-sonores\/wp-json\/wp\/v2\/comments?post=2"}],"version-history":[{"count":66,"href":"http:\/\/www.souvenirs-sonores.fr\/souvenirs-sonores\/wp-json\/wp\/v2\/pages\/2\/revisions"}],"predecessor-version":[{"id":1900,"href":"http:\/\/www.souvenirs-sonores.fr\/souvenirs-sonores\/wp-json\/wp\/v2\/pages\/2\/revisions\/1900"}],"wp:attachment":[{"href":"http:\/\/www.souvenirs-sonores.fr\/souvenirs-sonores\/wp-json\/wp\/v2\/media?parent=2"}],"curies":[{"name":"wp","href":"https:\/\/api.w.org\/{rel}","templated":true}]}}