{"id":224,"date":"2011-09-20T10:57:47","date_gmt":"2011-09-20T10:57:47","guid":{"rendered":"http:\/\/www.souvenirs-sonores.fr\/souvenirs-sonores\/?page_id=224"},"modified":"2012-10-02T09:16:43","modified_gmt":"2012-10-02T09:16:43","slug":"comment-ca-se-passe-bio","status":"publish","type":"page","link":"http:\/\/www.souvenirs-sonores.fr\/souvenirs-sonores\/biographie-sonore\/comment-ca-se-passe-bio\/","title":{"rendered":"Comment \u00e7a se passe ?"},"content":{"rendered":"<p><a class=\"imgbio\" href=\"http:\/\/www.souvenirs-sonores.fr\/souvenirs-sonores\/wp-content\/uploads\/2011\/09\/biographie-sonore.jpg\"><img loading=\"lazy\" decoding=\"async\" class=\"alignnone size-full wp-image-1179\" title=\"biographie-sonore\" src=\"http:\/\/www.souvenirs-sonores.fr\/souvenirs-sonores\/wp-content\/uploads\/2011\/09\/biographie-sonore.jpg\" alt=\"biographie sonore\" width=\"642\" height=\"175\" srcset=\"http:\/\/www.souvenirs-sonores.fr\/souvenirs-sonores\/wp-content\/uploads\/2011\/09\/biographie-sonore.jpg 642w, http:\/\/www.souvenirs-sonores.fr\/souvenirs-sonores\/wp-content\/uploads\/2011\/09\/biographie-sonore-300x81.jpg 300w\" sizes=\"auto, (max-width: 642px) 100vw, 642px\" \/><\/a><\/p>\n<p>&nbsp;<\/p>\n<p>&nbsp;<\/p>\n<p>&nbsp;<\/p>\n<p>&nbsp;<\/p>\n<p class=\"titreorange\"><strong>Comment \u00e7a se passe ?<\/strong><\/p>\n<p>&nbsp;<\/p>\n<p><strong>La biographie sonore en 4 \u00e9tapes :<\/strong><\/p>\n<p><strong>1 \u2022 La pr\u00e9paration<\/strong><\/p>\n<p style=\"text-align: left;\">Afin de structurer votre biographie je vous envoie par courrier un guide pratique avec une liste<br \/>\nchronologique des diff\u00e9rentes parties de la vie qui sont g\u00e9n\u00e9ralement abord\u00e9es.<\/p>\n<p><a class=\"lien1\" href=\"http:\/\/www.souvenirs-sonores.fr\/souvenirs-sonores\/wp-content\/uploads\/2011\/10\/Guide.pdf\">T\u00e9l\u00e9charger le Guide pratique<\/a><\/p>\n<p><strong>2 \u2022 L&rsquo;enregistrement<\/strong><\/p>\n<p style=\"text-align: left;\">Ensuite je me d\u00e9place chez vous et je r\u00e9alise un enregistrement audio avec un mat\u00e9riel discret et professionnel.<\/p>\n<p>Deux s\u00e9ances d&rsquo;enregistrement de 1H30 sont g\u00e9n\u00e9ralement n\u00e9cessaires.<br \/>\nSi besoin nous pourrons prolonger ou organiser une s\u00e9ance suppl\u00e9mentaire.<\/p>\n<p><strong>3 \u2022 Le montage<\/strong><\/p>\n<p style=\"text-align: left;\">Viens ensuite le montage qui permet de rendre votre r\u00e9cit vivant, d\u2019enlever certains passages ou h\u00e9sitations, d\u2019ajouter des bruitages, habillages sonores afin d\u2019agr\u00e9menter votre r\u00e9cit ou des musiques que vous aurez choisi et qui sont libres de droit pour aboutir \u00e0 un r\u00e9sultat final d\u2019environ 35 \u00e0 40 minutes (dur\u00e9e optimale pour une \u00e9coute compl\u00e8te et agr\u00e9able).<\/p>\n<p><strong>4 \u2022 Le mixage, le mastering et le gravage du cd<\/strong><\/p>\n<p style=\"text-align: left;\">Je m\u2019occupe ensuite du mixage et du mastering pour graver un cd audio avec un son unique et professionnel.<\/p>\n<p>Je vous envoie le cd master (+ les \u00e9ventuelles copies de cd) par courrier postal un mois apr\u00e8s la date d&rsquo;enregistrement.<\/p>\n<p><strong>Confidentialit\u00e9<\/strong><\/p>\n<p style=\"text-align: left;\">Un contrat de confidentialit\u00e9 vous sera remis le jour de l\u2019enregistrement. Il s\u2019agit de votre biographie sonore, elle vous appartient et je m\u2019engage avec ce contrat \u00e0 respecter une confidentialit\u00e9 absolue.<\/p>\n<p><a class=\"lien1\" href=\"http:\/\/www.souvenirs-sonores.fr\/souvenirs-sonores\/biographie-sonore\/tarif-biographie\">Tarif<\/a><\/p>\n<!-- Start Shareaholic Recommendations Automatic --><!-- End Shareaholic Recommendations Automatic -->","protected":false},"excerpt":{"rendered":"<p>&nbsp; &nbsp; &nbsp; &nbsp; Comment \u00e7a se passe ? &nbsp; La biographie sonore en 4 \u00e9tapes : 1 \u2022 La pr\u00e9paration Afin de structurer votre biographie je vous envoie par courrier un guide pratique avec une liste chronologique des diff\u00e9rentes parties de la vie qui sont g\u00e9n\u00e9ralement abord\u00e9es. T\u00e9l\u00e9charger le Guide pratique 2 \u2022 L&rsquo;enregistrement&hellip; <a class=\"more-link\" href=\"http:\/\/www.souvenirs-sonores.fr\/souvenirs-sonores\/biographie-sonore\/comment-ca-se-passe-bio\/\">Poursuivre la lecture <span class=\"screen-reader-text\">Comment \u00e7a se passe ?<\/span><\/a><\/p>\n","protected":false},"author":1,"featured_media":0,"parent":115,"menu_order":1,"comment_status":"closed","ping_status":"closed","template":"","meta":{"footnotes":""},"class_list":["post-224","page","type-page","status-publish","hentry","entry"],"_links":{"self":[{"href":"http:\/\/www.souvenirs-sonores.fr\/souvenirs-sonores\/wp-json\/wp\/v2\/pages\/224","targetHints":{"allow":["GET"]}}],"collection":[{"href":"http:\/\/www.souvenirs-sonores.fr\/souvenirs-sonores\/wp-json\/wp\/v2\/pages"}],"about":[{"href":"http:\/\/www.souvenirs-sonores.fr\/souvenirs-sonores\/wp-json\/wp\/v2\/types\/page"}],"author":[{"embeddable":true,"href":"http:\/\/www.souvenirs-sonores.fr\/souvenirs-sonores\/wp-json\/wp\/v2\/users\/1"}],"replies":[{"embeddable":true,"href":"http:\/\/www.souvenirs-sonores.fr\/souvenirs-sonores\/wp-json\/wp\/v2\/comments?post=224"}],"version-history":[{"count":141,"href":"http:\/\/www.souvenirs-sonores.fr\/souvenirs-sonores\/wp-json\/wp\/v2\/pages\/224\/revisions"}],"predecessor-version":[{"id":1600,"href":"http:\/\/www.souvenirs-sonores.fr\/souvenirs-sonores\/wp-json\/wp\/v2\/pages\/224\/revisions\/1600"}],"up":[{"embeddable":true,"href":"http:\/\/www.souvenirs-sonores.fr\/souvenirs-sonores\/wp-json\/wp\/v2\/pages\/115"}],"wp:attachment":[{"href":"http:\/\/www.souvenirs-sonores.fr\/souvenirs-sonores\/wp-json\/wp\/v2\/media?parent=224"}],"curies":[{"name":"wp","href":"https:\/\/api.w.org\/{rel}","templated":true}]}}