{"id":260,"date":"2011-09-20T13:40:30","date_gmt":"2011-09-20T13:40:30","guid":{"rendered":"http:\/\/www.souvenirs-sonores.fr\/souvenirs-sonores\/?page_id=260"},"modified":"2011-10-14T12:56:39","modified_gmt":"2011-10-14T12:56:39","slug":"tarif-temoignage","status":"publish","type":"page","link":"http:\/\/www.souvenirs-sonores.fr\/souvenirs-sonores\/temoignage-sonore\/tarif-temoignage\/","title":{"rendered":"Tarif"},"content":{"rendered":"<p><a class=\"imgbio\" href=\"http:\/\/www.souvenirs-sonores.fr\/souvenirs-sonores\/wp-content\/uploads\/2011\/09\/t\u00e9moignage-sonore.jpg\"><img loading=\"lazy\" decoding=\"async\" src=\"http:\/\/www.souvenirs-sonores.fr\/souvenirs-sonores\/wp-content\/uploads\/2011\/09\/t\u00e9moignage-sonore.jpg\" alt=\"t\u00e9moignage sonore\" title=\"t\u00e9moignage-sonore\" width=\"561\" height=\"192\" class=\"alignnone size-full wp-image-1216\" \/><\/a><\/p>\n<p><\/p>\n<p class=\"contenu1\"><strong>Le prix sera \u00e9tabli suivant :<\/strong><\/p>\n<p>\u2022 Le nombre de t\u00e9moignages que vous souhaitez<\/p>\n<p>\u2022 Le nombre de s\u00e9ance d&rsquo;enregistrement n\u00e9cessaire<\/p>\n<p>(le r\u00e8glement s&rsquo;effectue \u00e0 la fin de la s\u00e9ance d&rsquo;enregistrement)<\/p>\n<p><\/p>\n<p><strong>Frais de d\u00e9placement si en dehors de LYON :<\/strong><\/p>\n<p>\u2022 0.50 \u20ac par kilom\u00e8tre suppl\u00e9mentaire \u00e0 partir de LYON<\/p>\n<p><a class=\"lien1\" href=\"http:\/\/www.souvenirs-sonores.fr\/souvenirs-sonores\/contact\">Contactez-moi<\/a> pour \u00e9tablir un devis sur mesure<\/p>\n<p><a class=\"lien1\" href=\"http:\/\/www.souvenirs-sonores.fr\/souvenirs-sonores\">Retour<\/a><\/p>\n<!-- Start Shareaholic Recommendations Automatic --><!-- End Shareaholic Recommendations Automatic -->","protected":false},"excerpt":{"rendered":"<p>Le prix sera \u00e9tabli suivant : \u2022 Le nombre de t\u00e9moignages que vous souhaitez \u2022 Le nombre de s\u00e9ance d&rsquo;enregistrement n\u00e9cessaire (le r\u00e8glement s&rsquo;effectue \u00e0 la fin de la s\u00e9ance d&rsquo;enregistrement) Frais de d\u00e9placement si en dehors de LYON : \u2022 0.50 \u20ac par kilom\u00e8tre suppl\u00e9mentaire \u00e0 partir de LYON Contactez-moi pour \u00e9tablir un devis&hellip; <a class=\"more-link\" href=\"http:\/\/www.souvenirs-sonores.fr\/souvenirs-sonores\/temoignage-sonore\/tarif-temoignage\/\">Poursuivre la lecture <span class=\"screen-reader-text\">Tarif<\/span><\/a><\/p>\n","protected":false},"author":1,"featured_media":0,"parent":2,"menu_order":2,"comment_status":"closed","ping_status":"closed","template":"","meta":{"footnotes":""},"class_list":["post-260","page","type-page","status-publish","hentry","entry"],"_links":{"self":[{"href":"http:\/\/www.souvenirs-sonores.fr\/souvenirs-sonores\/wp-json\/wp\/v2\/pages\/260","targetHints":{"allow":["GET"]}}],"collection":[{"href":"http:\/\/www.souvenirs-sonores.fr\/souvenirs-sonores\/wp-json\/wp\/v2\/pages"}],"about":[{"href":"http:\/\/www.souvenirs-sonores.fr\/souvenirs-sonores\/wp-json\/wp\/v2\/types\/page"}],"author":[{"embeddable":true,"href":"http:\/\/www.souvenirs-sonores.fr\/souvenirs-sonores\/wp-json\/wp\/v2\/users\/1"}],"replies":[{"embeddable":true,"href":"http:\/\/www.souvenirs-sonores.fr\/souvenirs-sonores\/wp-json\/wp\/v2\/comments?post=260"}],"version-history":[{"count":48,"href":"http:\/\/www.souvenirs-sonores.fr\/souvenirs-sonores\/wp-json\/wp\/v2\/pages\/260\/revisions"}],"predecessor-version":[{"id":1458,"href":"http:\/\/www.souvenirs-sonores.fr\/souvenirs-sonores\/wp-json\/wp\/v2\/pages\/260\/revisions\/1458"}],"up":[{"embeddable":true,"href":"http:\/\/www.souvenirs-sonores.fr\/souvenirs-sonores\/wp-json\/wp\/v2\/pages\/2"}],"wp:attachment":[{"href":"http:\/\/www.souvenirs-sonores.fr\/souvenirs-sonores\/wp-json\/wp\/v2\/media?parent=260"}],"curies":[{"name":"wp","href":"https:\/\/api.w.org\/{rel}","templated":true}]}}