{"id":344,"date":"2011-09-21T10:46:00","date_gmt":"2011-09-21T10:46:00","guid":{"rendered":"http:\/\/www.souvenirs-sonores.fr\/souvenirs-sonores\/?page_id=344"},"modified":"2025-05-22T13:22:36","modified_gmt":"2025-05-22T13:22:36","slug":"presentation","status":"publish","type":"page","link":"http:\/\/www.souvenirs-sonores.fr\/souvenirs-sonores\/presentation\/","title":{"rendered":"Pr\u00e9sentation"},"content":{"rendered":"<p>Passionn\u00e9 de technique et professionnel du son, je propose <strong>diff\u00e9rentes formes \u00ab&nbsp;sonores&nbsp;\u00bb<\/strong> pour<br>les particuliers, les communes et les entreprises au service de l\u2019\u00e9motion de la voix et de la m\u00e9moire.<\/p>\n<p class=\"titreorange\">Pour les particuliers :<\/p>\n<p style=\"text-align: left;\"><a class=\"lien1\" href=\"http:\/\/www.souvenirs-sonores.fr\/souvenirs-sonores\/biographie-sonore\"> Votre biographie sonore&nbsp;:<\/a><br><strong>Laisser un t\u00e9moignage qui vous ressemble.<\/strong><\/p>\n<p style=\"text-align: left;\"><a class=\"lien1\" href=\"http:\/\/www.souvenirs-sonores.fr\/souvenirs-sonores\/temoignage-sonore\"> Les t\u00e9moignages sonores :<\/a><br><strong>Rendre hommage \u00e0 plusieurs<\/strong><\/p>\n<p style=\"text-align: left;\"><a class=\"lien1\" href=\"http:\/\/www.souvenirs-sonores.fr\/souvenirs-sonores\/evenement-sonore\"> L&rsquo;\u00e9v\u00e8nement sonore :<\/a><br><strong>Immortaliser un \u00e9v\u00e8nement<\/strong><\/p>\n<p class=\"titreorange\">Pour les professionnels et les communes :<\/p>\n<p style=\"text-align: left;\"><a class=\"lien1\" href=\"http:\/\/www.souvenirs-sonores.fr\/souvenirs-sonores\/exposition-sonore\">Les expositions sonores :<\/a><\/p>\n<p><span class=\"black\">\u2022 Vous \u00eates une institution d&rsquo;accueil :<\/span><br><strong>Cr\u00e9er du lien social autour d&rsquo;une exposition sonore<\/strong><\/p>\n<p><span class=\"black\">\u2022 Vous \u00eates une entreprise :<\/span><br><strong>Innover aupr\u00e8s de votre cible<\/strong><\/p>\n<p><a class=\"imgpres2\" href=\"http:\/\/www.souvenirs-sonores.fr\/souvenirs-sonores\/biographie-cadeau\"><img loading=\"lazy\" decoding=\"async\" class=\"alignnone size-full wp-image-1204\" title=\"kdo-sonore\" src=\"http:\/\/www.souvenirs-sonores.fr\/souvenirs-sonores\/wp-content\/uploads\/2011\/09\/kdo-sonore.jpg\" alt=\"offrez une biographie sonore\" width=\"198\" height=\"198\" srcset=\"http:\/\/www.souvenirs-sonores.fr\/souvenirs-sonores\/wp-content\/uploads\/2011\/09\/kdo-sonore.jpg 198w, http:\/\/www.souvenirs-sonores.fr\/souvenirs-sonores\/wp-content\/uploads\/2011\/09\/kdo-sonore-150x150.jpg 150w\" sizes=\"auto, (max-width: 198px) 100vw, 198px\" \/><\/a><\/p>\n\n\n\n\n\n\n<pre class=\"wp-block-code\"><code><\/code><\/pre>\n\n\n\n<p><\/p>\n<!-- Start Shareaholic Recommendations Automatic --><!-- End Shareaholic Recommendations Automatic -->","protected":false},"excerpt":{"rendered":"<p>Passionn\u00e9 de technique et professionnel du son, je propose diff\u00e9rentes formes \u00ab&nbsp;sonores&nbsp;\u00bb pourles particuliers, les communes et les entreprises au service de l\u2019\u00e9motion de la voix et de la m\u00e9moire. Pour les particuliers : Votre biographie sonore&nbsp;:Laisser un t\u00e9moignage qui vous ressemble. Les t\u00e9moignages sonores :Rendre hommage \u00e0 plusieurs L&rsquo;\u00e9v\u00e8nement sonore :Immortaliser un \u00e9v\u00e8nement Pour&hellip; <a class=\"more-link\" href=\"http:\/\/www.souvenirs-sonores.fr\/souvenirs-sonores\/presentation\/\">Poursuivre la lecture <span class=\"screen-reader-text\">Pr\u00e9sentation<\/span><\/a><\/p>\n","protected":false},"author":1,"featured_media":0,"parent":0,"menu_order":0,"comment_status":"closed","ping_status":"closed","template":"","meta":{"footnotes":""},"class_list":["post-344","page","type-page","status-publish","hentry","entry"],"_links":{"self":[{"href":"http:\/\/www.souvenirs-sonores.fr\/souvenirs-sonores\/wp-json\/wp\/v2\/pages\/344","targetHints":{"allow":["GET"]}}],"collection":[{"href":"http:\/\/www.souvenirs-sonores.fr\/souvenirs-sonores\/wp-json\/wp\/v2\/pages"}],"about":[{"href":"http:\/\/www.souvenirs-sonores.fr\/souvenirs-sonores\/wp-json\/wp\/v2\/types\/page"}],"author":[{"embeddable":true,"href":"http:\/\/www.souvenirs-sonores.fr\/souvenirs-sonores\/wp-json\/wp\/v2\/users\/1"}],"replies":[{"embeddable":true,"href":"http:\/\/www.souvenirs-sonores.fr\/souvenirs-sonores\/wp-json\/wp\/v2\/comments?post=344"}],"version-history":[{"count":243,"href":"http:\/\/www.souvenirs-sonores.fr\/souvenirs-sonores\/wp-json\/wp\/v2\/pages\/344\/revisions"}],"predecessor-version":[{"id":1928,"href":"http:\/\/www.souvenirs-sonores.fr\/souvenirs-sonores\/wp-json\/wp\/v2\/pages\/344\/revisions\/1928"}],"wp:attachment":[{"href":"http:\/\/www.souvenirs-sonores.fr\/souvenirs-sonores\/wp-json\/wp\/v2\/media?parent=344"}],"curies":[{"name":"wp","href":"https:\/\/api.w.org\/{rel}","templated":true}]}}