{"id":373,"date":"2011-09-21T16:20:32","date_gmt":"2011-09-21T16:20:32","guid":{"rendered":"http:\/\/www.souvenirs-sonores.fr\/souvenirs-sonores\/?page_id=373"},"modified":"2025-04-15T14:14:43","modified_gmt":"2025-04-15T14:14:43","slug":"exposition-sonore","status":"publish","type":"page","link":"http:\/\/www.souvenirs-sonores.fr\/souvenirs-sonores\/exposition-sonore\/","title":{"rendered":"Exposition sonore"},"content":{"rendered":"<p><a class=\"imgbio\" href=\"http:\/\/www.souvenirs-sonores.fr\/souvenirs-sonores\/wp-content\/uploads\/2011\/09\/exposition-sonore2.jpg\"><img loading=\"lazy\" decoding=\"async\" class=\"alignnone size-full wp-image-1224\" title=\"exposition-sonore\" src=\"http:\/\/www.souvenirs-sonores.fr\/souvenirs-sonores\/wp-content\/uploads\/2011\/09\/exposition-sonore2.jpg\" alt=\"exposition sonore\" width=\"477\" height=\"170\" srcset=\"http:\/\/www.souvenirs-sonores.fr\/souvenirs-sonores\/wp-content\/uploads\/2011\/09\/exposition-sonore2.jpg 477w, http:\/\/www.souvenirs-sonores.fr\/souvenirs-sonores\/wp-content\/uploads\/2011\/09\/exposition-sonore2-300x106.jpg 300w\" sizes=\"auto, (max-width: 477px) 100vw, 477px\" \/><\/a><\/p>\n<p>&nbsp;<\/p>\n<p class=\"titreorange\"><strong>Pour les institutions d&rsquo;accueil pour personnes ag\u00e9es :<\/strong><\/p>\n<p><strong>Cr\u00e9er du lien social autour d\u2019une exposition sonore : un vrai outil de valorisation<br \/>\npour votre \u00e9tablissement et ses r\u00e9sidents.<\/strong><\/p>\n<p>J\u2019enregistre le t\u00e9moignage de r\u00e9sidents \u00e0 partir d\u2019un th\u00e8me que l\u2019on aura pr\u00e9d\u00e9fini.<\/p>\n<p>Nous organisons une exposition sonore \u00e0 partir de ces t\u00e9moignages o\u00f9 les r\u00e9sidents<br \/>\net leurs familles sont convi\u00e9s atour d\u2019un \u00e9v\u00e9nement original, humain et f\u00e9d\u00e9rateur.<\/p>\n<p><span class=\"black\">Pourquoi organiser une exposition sonore ?<\/span><br \/><strong>La force d&rsquo;un outil aux multiples atouts<\/strong><\/p>\n<p>\u2022 Cr\u00e9er du<strong> lien<\/strong> entre les r\u00e9sidents<br \/>\n\u2022 <strong>Valoriser<\/strong> les parcours de vie, les hommes et les femmes.<br \/>\n\u2022 Cr\u00e9er un moment <strong>f\u00e9d\u00e9rateur<\/strong> avec les familles.<br \/>\n\u2022 Renforcer votre <strong>image<\/strong> d&rsquo;\u00e9tablissement orient\u00e9 vers l&rsquo;humain.<br \/>\n\u2022 Apporter un moment de <strong>convivialit\u00e9<\/strong> et d&rsquo;animation.<\/p>\n<p><span class=\"black\">Une exposition sonore de A \u00e0 Z<\/span><br \/><strong>Nous nous chargeons de :<\/strong><\/p>\n<p>\n\u2022 L&rsquo;enregistrement des t\u00e9moignages, la cr\u00e9ation de fichier sonore.<br \/>\n\u2022 Les prises de vue des personnes participantes : des portraits faits par un photographe professionnel.<br \/>\n\u2022 L\u2019impression des photos sur des toiles de qualit\u00e9<br \/>\n\u2022 La mise en place de l\u2019exposition : chevalets et cadres photos install\u00e9s.<br \/>\n\u2022 La location d\u2019audio-guide pour l\u2019\u00e9coute des t\u00e9moignages sonores<\/p>\n<p><span class=\"titreorange\"><strong>Pour Les professionnels :<\/strong><\/span><br \/>\n<strong>Innover aupr\u00e8s de votre cible<\/strong><\/p>\n<p>Que ce soit pour des campagnes de sensibilisation ou de valorisation interne ou externe,<br \/>\nla voix associ\u00e9e \u00e0 l\u2019image devient un vrai outil de communication interactif et innovant.<\/p>\n<p><strong> Un exemple de r\u00e9alisation d&rsquo;exposition sonore pour GRTgaz<\/strong><\/p>\n<p><a href=\"http:\/\/www.souvenirs-sonores.fr\/souvenirs-sonores\/wp-content\/uploads\/2011\/09\/TABLEAUSONORE.jpg\"><img loading=\"lazy\" decoding=\"async\" class=\"alignnone size-full wp-image-1267\" title=\"TABLEAUSONORE\" src=\"http:\/\/www.souvenirs-sonores.fr\/souvenirs-sonores\/wp-content\/uploads\/2011\/09\/TABLEAUSONORE.jpg\" alt=\"\" width=\"425\" height=\"425\" srcset=\"http:\/\/www.souvenirs-sonores.fr\/souvenirs-sonores\/wp-content\/uploads\/2011\/09\/TABLEAUSONORE.jpg 425w, http:\/\/www.souvenirs-sonores.fr\/souvenirs-sonores\/wp-content\/uploads\/2011\/09\/TABLEAUSONORE-150x150.jpg 150w, http:\/\/www.souvenirs-sonores.fr\/souvenirs-sonores\/wp-content\/uploads\/2011\/09\/TABLEAUSONORE-300x300.jpg 300w\" sizes=\"auto, (max-width: 425px) 100vw, 425px\" \/><\/a><\/p>\n<p><a href=\"http:\/\/www.souvenirs-sonores.fr\/souvenirs-sonores\/wp-content\/uploads\/2011\/09\/EXPOSONOREmodeemploi.jpg\"><img loading=\"lazy\" decoding=\"async\" class=\"alignnone size-full wp-image-1265\" title=\"EXPOSONOREmodeemploi\" src=\"http:\/\/www.souvenirs-sonores.fr\/souvenirs-sonores\/wp-content\/uploads\/2011\/09\/EXPOSONOREmodeemploi.jpg\" alt=\"\" width=\"283\" height=\"401\" srcset=\"http:\/\/www.souvenirs-sonores.fr\/souvenirs-sonores\/wp-content\/uploads\/2011\/09\/EXPOSONOREmodeemploi.jpg 283w, http:\/\/www.souvenirs-sonores.fr\/souvenirs-sonores\/wp-content\/uploads\/2011\/09\/EXPOSONOREmodeemploi-211x300.jpg 211w\" sizes=\"auto, (max-width: 283px) 100vw, 283px\" \/><\/a><\/p>\n<p><strong>Un exemple de r\u00e9alisation d&rsquo;exposition sonore pour SANOFI<\/strong><\/p>\n<p><a href=\"http:\/\/www.souvenirs-sonores.fr\/souvenirs-sonores\/wp-content\/uploads\/2011\/09\/photo-expo-sonore.jpg\"><img loading=\"lazy\" decoding=\"async\" src=\"http:\/\/www.souvenirs-sonores.fr\/souvenirs-sonores\/wp-content\/uploads\/2011\/09\/photo-expo-sonore.jpg\" alt=\"photo d&#039;une exposition sonore\" title=\"photo-expo-sonore\" width=\"720\" height=\"540\" class=\"alignnone size-full wp-image-1413\" srcset=\"http:\/\/www.souvenirs-sonores.fr\/souvenirs-sonores\/wp-content\/uploads\/2011\/09\/photo-expo-sonore.jpg 720w, http:\/\/www.souvenirs-sonores.fr\/souvenirs-sonores\/wp-content\/uploads\/2011\/09\/photo-expo-sonore-300x225.jpg 300w\" sizes=\"auto, (max-width: 720px) 100vw, 720px\" \/><\/a><\/p>\n<!-- Start Shareaholic Recommendations Automatic --><!-- End Shareaholic Recommendations Automatic -->","protected":false},"excerpt":{"rendered":"<p>&nbsp; Pour les institutions d&rsquo;accueil pour personnes ag\u00e9es : Cr\u00e9er du lien social autour d\u2019une exposition sonore : un vrai outil de valorisation pour votre \u00e9tablissement et ses r\u00e9sidents. J\u2019enregistre le t\u00e9moignage de r\u00e9sidents \u00e0 partir d\u2019un th\u00e8me que l\u2019on aura pr\u00e9d\u00e9fini. Nous organisons une exposition sonore \u00e0 partir de ces t\u00e9moignages o\u00f9 les r\u00e9sidents&hellip; <a class=\"more-link\" href=\"http:\/\/www.souvenirs-sonores.fr\/souvenirs-sonores\/exposition-sonore\/\">Poursuivre la lecture <span class=\"screen-reader-text\">Exposition sonore<\/span><\/a><\/p>\n","protected":false},"author":1,"featured_media":0,"parent":0,"menu_order":4,"comment_status":"open","ping_status":"closed","template":"","meta":{"footnotes":""},"class_list":["post-373","page","type-page","status-publish","hentry","entry"],"_links":{"self":[{"href":"http:\/\/www.souvenirs-sonores.fr\/souvenirs-sonores\/wp-json\/wp\/v2\/pages\/373","targetHints":{"allow":["GET"]}}],"collection":[{"href":"http:\/\/www.souvenirs-sonores.fr\/souvenirs-sonores\/wp-json\/wp\/v2\/pages"}],"about":[{"href":"http:\/\/www.souvenirs-sonores.fr\/souvenirs-sonores\/wp-json\/wp\/v2\/types\/page"}],"author":[{"embeddable":true,"href":"http:\/\/www.souvenirs-sonores.fr\/souvenirs-sonores\/wp-json\/wp\/v2\/users\/1"}],"replies":[{"embeddable":true,"href":"http:\/\/www.souvenirs-sonores.fr\/souvenirs-sonores\/wp-json\/wp\/v2\/comments?post=373"}],"version-history":[{"count":95,"href":"http:\/\/www.souvenirs-sonores.fr\/souvenirs-sonores\/wp-json\/wp\/v2\/pages\/373\/revisions"}],"predecessor-version":[{"id":1908,"href":"http:\/\/www.souvenirs-sonores.fr\/souvenirs-sonores\/wp-json\/wp\/v2\/pages\/373\/revisions\/1908"}],"wp:attachment":[{"href":"http:\/\/www.souvenirs-sonores.fr\/souvenirs-sonores\/wp-json\/wp\/v2\/media?parent=373"}],"curies":[{"name":"wp","href":"https:\/\/api.w.org\/{rel}","templated":true}]}}