{"id":484,"date":"2011-09-23T10:41:05","date_gmt":"2011-09-23T10:41:05","guid":{"rendered":"http:\/\/www.souvenirs-sonores.fr\/souvenirs-sonores\/?page_id=484"},"modified":"2011-10-14T12:57:16","modified_gmt":"2011-10-14T12:57:16","slug":"evenement-sonore","status":"publish","type":"page","link":"http:\/\/www.souvenirs-sonores.fr\/souvenirs-sonores\/evenement-sonore\/","title":{"rendered":"\u00c9v\u00e8nement sonore"},"content":{"rendered":"<p><a class=\"imgbio\" href=\"http:\/\/www.souvenirs-sonores.fr\/souvenirs-sonores\/wp-content\/uploads\/2011\/09\/evenement-sonore.jpg\"><img loading=\"lazy\" decoding=\"async\" src=\"http:\/\/www.souvenirs-sonores.fr\/souvenirs-sonores\/wp-content\/uploads\/2011\/09\/evenement-sonore.jpg\" alt=\"\u00e9v\u00e8nement sonore\" title=\"evenement-sonore\" width=\"648\" height=\"166\" class=\"alignnone size-full wp-image-1218\" srcset=\"http:\/\/www.souvenirs-sonores.fr\/souvenirs-sonores\/wp-content\/uploads\/2011\/09\/evenement-sonore.jpg 648w, http:\/\/www.souvenirs-sonores.fr\/souvenirs-sonores\/wp-content\/uploads\/2011\/09\/evenement-sonore-300x76.jpg 300w\" sizes=\"auto, (max-width: 648px) 100vw, 648px\" \/><\/a><\/p>\n<p><strong>Vous souhaitez immortaliser un \u00e9v\u00e8nement :<\/strong><\/p>\n<p>\u2022 Anniversaire<br \/>\u2022 fian\u00e7aille<br \/>\u2022 Mariage<br \/>\u2022 &#8230;&#8230;<\/p>\n<p>Je deviens le reporter radiophonique de votre \u00e9v\u00e8nement et <strong>r\u00e9alise un CD<\/strong> avec :<br \/>\u2022 Interview<br \/>\u2022 Prise de son sur le vif<\/p>\n<p><a class=\"lien1\" href=\"http:\/\/www.souvenirs-sonores.fr\/souvenirs-sonores\/evenement-sonore-2\/comment-ca-se-passe-event\">Comment \u00e7a se passe ?<\/a><\/p>\n<!-- Start Shareaholic Recommendations Automatic --><!-- End Shareaholic Recommendations Automatic -->","protected":false},"excerpt":{"rendered":"<p>Vous souhaitez immortaliser un \u00e9v\u00e8nement : \u2022 Anniversaire\u2022 fian\u00e7aille\u2022 Mariage\u2022 &#8230;&#8230; Je deviens le reporter radiophonique de votre \u00e9v\u00e8nement et r\u00e9alise un CD avec :\u2022 Interview\u2022 Prise de son sur le vif Comment \u00e7a se passe ?<\/p>\n","protected":false},"author":1,"featured_media":0,"parent":0,"menu_order":3,"comment_status":"closed","ping_status":"closed","template":"","meta":{"footnotes":""},"class_list":["post-484","page","type-page","status-publish","hentry","entry"],"_links":{"self":[{"href":"http:\/\/www.souvenirs-sonores.fr\/souvenirs-sonores\/wp-json\/wp\/v2\/pages\/484","targetHints":{"allow":["GET"]}}],"collection":[{"href":"http:\/\/www.souvenirs-sonores.fr\/souvenirs-sonores\/wp-json\/wp\/v2\/pages"}],"about":[{"href":"http:\/\/www.souvenirs-sonores.fr\/souvenirs-sonores\/wp-json\/wp\/v2\/types\/page"}],"author":[{"embeddable":true,"href":"http:\/\/www.souvenirs-sonores.fr\/souvenirs-sonores\/wp-json\/wp\/v2\/users\/1"}],"replies":[{"embeddable":true,"href":"http:\/\/www.souvenirs-sonores.fr\/souvenirs-sonores\/wp-json\/wp\/v2\/comments?post=484"}],"version-history":[{"count":43,"href":"http:\/\/www.souvenirs-sonores.fr\/souvenirs-sonores\/wp-json\/wp\/v2\/pages\/484\/revisions"}],"predecessor-version":[{"id":1459,"href":"http:\/\/www.souvenirs-sonores.fr\/souvenirs-sonores\/wp-json\/wp\/v2\/pages\/484\/revisions\/1459"}],"wp:attachment":[{"href":"http:\/\/www.souvenirs-sonores.fr\/souvenirs-sonores\/wp-json\/wp\/v2\/media?parent=484"}],"curies":[{"name":"wp","href":"https:\/\/api.w.org\/{rel}","templated":true}]}}