{"id":9,"date":"2011-09-15T10:14:56","date_gmt":"2011-09-15T10:14:56","guid":{"rendered":"http:\/\/s382669245.onlinehome.fr\/?page_id=9"},"modified":"2011-10-14T12:55:53","modified_gmt":"2011-10-14T12:55:53","slug":"comment-ca-se-passe-temoignage","status":"publish","type":"page","link":"http:\/\/www.souvenirs-sonores.fr\/souvenirs-sonores\/temoignage-sonore\/comment-ca-se-passe-temoignage\/","title":{"rendered":"Comment \u00e7a se passe ?"},"content":{"rendered":"<p><a class=\"imgbio\" href=\"http:\/\/www.souvenirs-sonores.fr\/souvenirs-sonores\/wp-content\/uploads\/2011\/09\/t\u00e9moignage-sonore.jpg\"><img loading=\"lazy\" decoding=\"async\" src=\"http:\/\/www.souvenirs-sonores.fr\/souvenirs-sonores\/wp-content\/uploads\/2011\/09\/t\u00e9moignage-sonore.jpg\" alt=\"t\u00e9moignage sonore\" title=\"t\u00e9moignage-sonore\" width=\"561\" height=\"192\" class=\"alignnone size-full wp-image-1216\" \/><\/a><\/p>\n<p class=\"contenu1\"><strong>Comment \u00e7a se passe ?<\/strong><\/p>\n<p><\/p>\n<p><strong>T\u00e9moignage sonore en 4 \u00e9tapes :<\/strong><\/p>\n<p><strong>1 \u2022 La pr\u00e9paration<\/strong><\/p>\n<p style=\"text-align: left;\">Suivant le nombre de t\u00e9moignages souhait\u00e9s, nous \u00e9valuerons ensemble le temps n\u00e9cessaire<br \/>pour les enregistrements et la disponibilit\u00e9 des personnes souhaitant t\u00e9moign\u00e9es.<\/p>\n<p><strong>2 \u2022 L&rsquo;enregistrement<\/strong><\/p>\n<p style=\"text-align: left;\">Je pourrais soit me d\u00e9placer pour enregistrer les t\u00e9moignages ou bien les r\u00e9aliser par t\u00e9l\u00e9phone<br \/>pour les t\u00e9moins indisponibles le jour J.<br \/>\n(La qualit\u00e9 d&rsquo;un enregistrement t\u00e9l\u00e9phonique sera de moins bonne qualit\u00e9 qu&rsquo;une prise de son directe)<\/p>\n<p><strong>3 \u2022 Le montage<\/strong><\/p>\n<p style=\"text-align: left;\">Viens ensuite le montage des diff\u00e9rents t\u00e9moignages afin de rendre le tout homog\u00e8ne et agr\u00e9able \u00e0 l&rsquo;\u00e9coute.<\/p>\n<p><strong>4 \u2022 Le mixage, le mastering et le gravage du cd<\/strong><\/p>\n<p style=\"text-align: left;\">Je m&rsquo;occupe ensuite du mixage et du mastering pour graver un cd avec un son unique et professionnel.<\/p>\n<p>Je vous envoi le cd master (+ les \u00e9ventuelles copies de cd) par courrier postal un mois apr\u00e8s la date d&rsquo;enregistrement.<\/p>\n<p><a class=\"lien1\" href=\"http:\/\/www.souvenirs-sonores.fr\/souvenirs-sonores\/temoignage-sonore\/tarif-temoignage\">Tarif<\/a><\/p>\n<!-- Start Shareaholic Recommendations Automatic --><!-- End Shareaholic Recommendations Automatic -->","protected":false},"excerpt":{"rendered":"<p>Comment \u00e7a se passe ? T\u00e9moignage sonore en 4 \u00e9tapes : 1 \u2022 La pr\u00e9paration Suivant le nombre de t\u00e9moignages souhait\u00e9s, nous \u00e9valuerons ensemble le temps n\u00e9cessairepour les enregistrements et la disponibilit\u00e9 des personnes souhaitant t\u00e9moign\u00e9es. 2 \u2022 L&rsquo;enregistrement Je pourrais soit me d\u00e9placer pour enregistrer les t\u00e9moignages ou bien les r\u00e9aliser par t\u00e9l\u00e9phonepour les&hellip; <a class=\"more-link\" href=\"http:\/\/www.souvenirs-sonores.fr\/souvenirs-sonores\/temoignage-sonore\/comment-ca-se-passe-temoignage\/\">Poursuivre la lecture <span class=\"screen-reader-text\">Comment \u00e7a se passe ?<\/span><\/a><\/p>\n","protected":false},"author":1,"featured_media":0,"parent":2,"menu_order":1,"comment_status":"closed","ping_status":"closed","template":"","meta":{"footnotes":""},"class_list":["post-9","page","type-page","status-publish","hentry","entry"],"_links":{"self":[{"href":"http:\/\/www.souvenirs-sonores.fr\/souvenirs-sonores\/wp-json\/wp\/v2\/pages\/9","targetHints":{"allow":["GET"]}}],"collection":[{"href":"http:\/\/www.souvenirs-sonores.fr\/souvenirs-sonores\/wp-json\/wp\/v2\/pages"}],"about":[{"href":"http:\/\/www.souvenirs-sonores.fr\/souvenirs-sonores\/wp-json\/wp\/v2\/types\/page"}],"author":[{"embeddable":true,"href":"http:\/\/www.souvenirs-sonores.fr\/souvenirs-sonores\/wp-json\/wp\/v2\/users\/1"}],"replies":[{"embeddable":true,"href":"http:\/\/www.souvenirs-sonores.fr\/souvenirs-sonores\/wp-json\/wp\/v2\/comments?post=9"}],"version-history":[{"count":58,"href":"http:\/\/www.souvenirs-sonores.fr\/souvenirs-sonores\/wp-json\/wp\/v2\/pages\/9\/revisions"}],"predecessor-version":[{"id":1457,"href":"http:\/\/www.souvenirs-sonores.fr\/souvenirs-sonores\/wp-json\/wp\/v2\/pages\/9\/revisions\/1457"}],"up":[{"embeddable":true,"href":"http:\/\/www.souvenirs-sonores.fr\/souvenirs-sonores\/wp-json\/wp\/v2\/pages\/2"}],"wp:attachment":[{"href":"http:\/\/www.souvenirs-sonores.fr\/souvenirs-sonores\/wp-json\/wp\/v2\/media?parent=9"}],"curies":[{"name":"wp","href":"https:\/\/api.w.org\/{rel}","templated":true}]}}